{"id":43,"date":"2017-05-04T19:00:36","date_gmt":"2017-05-04T17:00:36","guid":{"rendered":"http:\/\/www.swiss-o-days.ch\/?page_id=43"},"modified":"2019-05-15T12:46:56","modified_gmt":"2019-05-15T10:46:56","slug":"swiss-o-days-2","status":"publish","type":"page","link":"https:\/\/www.swiss-o-days.ch\/fr\/","title":{"rendered":""},"content":{"rendered":"\n<p><strong>L\u2019exp\u00e9rience course d\u2019orientation en montagne<\/strong><\/p>\n<p>Swiss Orienteering Days \u2013 cela veut dire: des courses d\u2019orientation qui m\u00ealent l\u2019exp\u00e9rience des<\/p>\n<p>Alpes Suisses avec du sport et un go\u00fbt de l\u2019aventure. Avec Swiss Orienteering Days tu d\u00e9couvriras des terrains magnifiques et exceptionnels. Pourquoi ne pas passer un week-end dans une r\u00e9gion peu visit\u00e9e de la Suisse et profiter d\u2019une exp\u00e9rience de course d\u2019orientation du genre petit, mais raffin\u00e9&nbsp;?<\/p>\n<p>Quelques terrains des Swiss O Days sont accessible confortablement par t\u00e9l\u00e9ph\u00e9rique ou par voiture. Mais il y a aussi des Swiss O Days o\u00f9 l\u2019acc\u00e8s au centre de course ou au d\u00e9part fait d\u00e9j\u00e0 partie de l\u2019exp\u00e9rience en montagne et la course n\u2019est que la cerise sur le g\u00e2teau.<\/p>\n<p>Les Swiss O Days n&#8217;ont lieu que dans les ann\u00e9es o\u00f9 il n&#8217;y a pas de Swiss O Week. Les Swiss O Days consolent les amateurs de la course d\u2019orientation en montagne des ann\u00e9es sans Swiss O Week.<\/p>\n<p><strong>Organisation <\/strong><strong>simplifi\u00e9e<\/strong><\/p>\n<p>Les participants aux Swiss O Days appr\u00e9cient la nature, la simplicit\u00e9 de l\u2019organisation et se rendent compte de la grande responsabilit\u00e9 personnelle qui vient avec ce mode de l\u2019organisation. Ils acceptent de longs temps d&#8217;attente face \u00e0 une capacit\u00e9 de transport parfois limit\u00e9e ou de longs trajets en raison de l&#8217;\u00e9loignement des terrains de course ou m\u00eame une limitation du nombre de participants.<\/p>\n<p>Les Swiss O Days ne se d\u00e9roulent en g\u00e9n\u00e9ral que s\u2019il fait beau temps, afin de vivre une v\u00e9ritable exp\u00e9rience de montagne et de course d&#8217;orientation.<\/p>\n","protected":false},"excerpt":{"rendered":"<p>L\u2019exp\u00e9rience course d\u2019orientation en montagne Swiss Orienteering Days \u2013 cela veut dire: des courses d\u2019orientation qui m\u00ealent l\u2019exp\u00e9rience des Alpes Suisses avec du sport et un go\u00fbt de l\u2019aventure. Avec Swiss Orienteering Days tu d\u00e9couvriras des terrains magnifiques et exceptionnels.<\/p>\n","protected":false},"author":1,"featured_media":0,"parent":0,"menu_order":0,"comment_status":"closed","ping_status":"closed","template":"","meta":{"footnotes":""},"class_list":["post-43","page","type-page","status-publish","hentry"],"translation":{"provider":"WPGlobus","version":"3.0.0","language":"fr","enabled_languages":["de","en","fr","it"],"languages":{"de":{"title":false,"content":true,"excerpt":false},"en":{"title":false,"content":true,"excerpt":false},"fr":{"title":false,"content":true,"excerpt":false},"it":{"title":false,"content":true,"excerpt":false}}},"_links":{"self":[{"href":"https:\/\/www.swiss-o-days.ch\/fr\/wp-json\/wp\/v2\/pages\/43","targetHints":{"allow":["GET"]}}],"collection":[{"href":"https:\/\/www.swiss-o-days.ch\/fr\/wp-json\/wp\/v2\/pages"}],"about":[{"href":"https:\/\/www.swiss-o-days.ch\/fr\/wp-json\/wp\/v2\/types\/page"}],"author":[{"embeddable":true,"href":"https:\/\/www.swiss-o-days.ch\/fr\/wp-json\/wp\/v2\/users\/1"}],"replies":[{"embeddable":true,"href":"https:\/\/www.swiss-o-days.ch\/fr\/wp-json\/wp\/v2\/comments?post=43"}],"version-history":[{"count":21,"href":"https:\/\/www.swiss-o-days.ch\/fr\/wp-json\/wp\/v2\/pages\/43\/revisions"}],"predecessor-version":[{"id":747,"href":"https:\/\/www.swiss-o-days.ch\/fr\/wp-json\/wp\/v2\/pages\/43\/revisions\/747"}],"wp:attachment":[{"href":"https:\/\/www.swiss-o-days.ch\/fr\/wp-json\/wp\/v2\/media?parent=43"}],"curies":[{"name":"wp","href":"https:\/\/api.w.org\/{rel}","templated":true}]}}