{"id":8,"date":"2017-05-04T18:37:14","date_gmt":"2017-05-04T16:37:14","guid":{"rendered":"http:\/\/www.swiss-o-days.ch\/?page_id=8"},"modified":"2019-05-12T15:55:37","modified_gmt":"2019-05-12T13:55:37","slug":"ueber-uns","status":"publish","type":"page","link":"https:\/\/www.swiss-o-days.ch\/fr\/ueber-uns\/","title":{"rendered":"A propos de nous"},"content":{"rendered":"\n<p><strong>Swiss O Week \u2013 la comp\u00e9tition sur plusieurs jours de la Suisse<\/strong><\/p>\n<p>L\u2019association de base Swiss O Week a pour but d\u2019assurer que la Swiss O Week, la comp\u00e9tition internationale sur plusieurs jours, se d\u00e9roule r\u00e9guli\u00e8rement en Suisse. Pour chaque Swiss O Week, une nouvelle association d\u2019organisation sp\u00e9cifique est cr\u00e9\u00e9.<\/p>\n<p>Certaines b\u00e9n\u00e9voles, chefs des ressorts et membres du comit\u00e9 de l\u2019organisation ont fait parvenir leur compensation de b\u00e9n\u00e9vole apr\u00e8s la Swiss O Week \u00e0 l\u2019association de base Swiss O Week. Ainsi, des futures Swiss O Weeks pourraient et peuvent \u00eatre pr\u00e9financ\u00e9es.<\/p>\n<p><strong>SOW soutient des petites comp\u00e9titions de course d&#8217;orientation dans les Alpes<\/strong><\/p>\n<p>L\u2019association de base Swiss O Week souhaite utiliser cette compensation de b\u00e9n\u00e9vole \u00e9galement pour des petites courses d\u2019orientation en montagnes. C&#8217;est dans ce but qu&#8217;ont \u00e9t\u00e9 initi\u00e9es les Swiss O Days. La course d\u2019orientation devrait \u00e9galement \u00eatre possible dans des terraines belles et int\u00e9ressantes qui, pour une raison ou pour une autre, ne sont pas adapt\u00e9es \u00e0 une Swiss O Week ou \u00e0 une course r\u00e9gionale ou nationale. L\u2019association de base Swiss O Week produit les cartes pour les clubs de CO du coin respectif, prend en charge le d\u00e9ficit dans la mise en \u0153uvre des Swiss O Days et indemnise le club de CO local et l\u2019\u00e9quipe espoir qui s\u2019engagent en cadre de l\u2019organisation de ces Swiss O Days.<\/p>\n<p>Tout le monde peut proposer des terrains pour des Swiss O Days \u00e0 <u>info@swiss-o-days.ch<\/u>.<\/p>\n<p>Protection des donn\u00e9es: Aucune donn\u00e9e personnelle n&#8217;est collect\u00e9e.<\/p>\n","protected":false},"excerpt":{"rendered":"<p>Swiss O Week \u2013 la comp\u00e9tition sur plusieurs jours de la Suisse L\u2019association de base Swiss O Week a pour but d\u2019assurer que la Swiss O Week, la comp\u00e9tition internationale sur plusieurs jours, se d\u00e9roule r\u00e9guli\u00e8rement en Suisse. Pour chaque<\/p>\n","protected":false},"author":1,"featured_media":0,"parent":0,"menu_order":0,"comment_status":"closed","ping_status":"closed","template":"","meta":{"footnotes":""},"class_list":["post-8","page","type-page","status-publish","hentry"],"translation":{"provider":"WPGlobus","version":"3.0.0","language":"fr","enabled_languages":["de","en","fr","it"],"languages":{"de":{"title":true,"content":true,"excerpt":false},"en":{"title":true,"content":true,"excerpt":false},"fr":{"title":true,"content":true,"excerpt":false},"it":{"title":true,"content":true,"excerpt":false}}},"_links":{"self":[{"href":"https:\/\/www.swiss-o-days.ch\/fr\/wp-json\/wp\/v2\/pages\/8","targetHints":{"allow":["GET"]}}],"collection":[{"href":"https:\/\/www.swiss-o-days.ch\/fr\/wp-json\/wp\/v2\/pages"}],"about":[{"href":"https:\/\/www.swiss-o-days.ch\/fr\/wp-json\/wp\/v2\/types\/page"}],"author":[{"embeddable":true,"href":"https:\/\/www.swiss-o-days.ch\/fr\/wp-json\/wp\/v2\/users\/1"}],"replies":[{"embeddable":true,"href":"https:\/\/www.swiss-o-days.ch\/fr\/wp-json\/wp\/v2\/comments?post=8"}],"version-history":[{"count":10,"href":"https:\/\/www.swiss-o-days.ch\/fr\/wp-json\/wp\/v2\/pages\/8\/revisions"}],"predecessor-version":[{"id":742,"href":"https:\/\/www.swiss-o-days.ch\/fr\/wp-json\/wp\/v2\/pages\/8\/revisions\/742"}],"wp:attachment":[{"href":"https:\/\/www.swiss-o-days.ch\/fr\/wp-json\/wp\/v2\/media?parent=8"}],"curies":[{"name":"wp","href":"https:\/\/api.w.org\/{rel}","templated":true}]}}