{"id":43,"date":"2017-05-04T19:00:36","date_gmt":"2017-05-04T17:00:36","guid":{"rendered":"http:\/\/www.swiss-o-days.ch\/?page_id=43"},"modified":"2019-05-15T12:46:56","modified_gmt":"2019-05-15T10:46:56","slug":"swiss-o-days-2","status":"publish","type":"page","link":"https:\/\/www.swiss-o-days.ch\/it\/","title":{"rendered":""},"content":{"rendered":"\n<p><strong>L\u2019esperienza CO nelle montagnes<\/strong><\/p>\n<p>Gli Swiss Orienteering Days sono delle piccole corse di orientamento che offrono straordinarie esperienze nelle montagne svizzere, con anche un pizzico di avventura. Con gli Swiss O Days scoprirai nuove zone orientistiche belle e interessanti. Perch\u00e9 non provare un Weekend in qualche remoto luogo della nostra bella Svizzera, e godersi un\u2019indimenticabile esperienza?<\/p>\n<p>Alcuni Swiss O Days, sono pi\u00f9 confortevoli, perch\u00e8 i luoghi di gara si possono raggiungere comodamente magari con funivie o con l\u2019auto, altre volte gi\u00e0 il raggiungere il centro gara o la partenza risulta impegnativo, ma lo spettacolo ripaga sicuramente lo sforzo, e la CO \u00e8 poi ancora la \u201cciliegina sulla torta\u201d\u2026<\/p>\n<p>Gli Swiss O Days vengono organizzati solo negli anni in cui non si svolge la pi\u00f9 grande ed internazionale Swiss O Week, e intendono consolare i \u201cbuongustai\u201d della CO per la mancanza di avventure orientistiche in montagna.<\/p>\n<p><strong>Un\u2018organizzazione semplice<\/strong><\/p>\n<p>I partecipanti agli Swiss O Days sono molto rispettosi della natura, ed apprezzano perci\u00f2 organizzazioni semplici con grande responsabilit\u00e0 individuale. Accettano perci\u00f2 se necessario lunghi tempi di attesa qualora la capacit\u00e0 di trasporto \u00e8 limitata, o ancora prendono in considerazione lunghi spostamenti o persino limitazioni sul numero di partecipanti.<\/p>\n<p>Gli Swiss O Days si svolgono di regola solo in caso di tempo abbastanza bello, affinch\u00e8 la montagna e la CO possano dare ai partecipanti le giuste emozioni.<\/p>\n","protected":false},"excerpt":{"rendered":"<p>L\u2019esperienza CO nelle montagnes Gli Swiss Orienteering Days sono delle piccole corse di orientamento che offrono straordinarie esperienze nelle montagne svizzere, con anche un pizzico di avventura. Con gli Swiss O Days scoprirai nuove zone orientistiche belle e interessanti. Perch\u00e9<\/p>\n","protected":false},"author":1,"featured_media":0,"parent":0,"menu_order":0,"comment_status":"closed","ping_status":"closed","template":"","meta":{"footnotes":""},"class_list":["post-43","page","type-page","status-publish","hentry"],"translation":{"provider":"WPGlobus","version":"3.0.0","language":"it","enabled_languages":["de","en","fr","it"],"languages":{"de":{"title":false,"content":true,"excerpt":false},"en":{"title":false,"content":true,"excerpt":false},"fr":{"title":false,"content":true,"excerpt":false},"it":{"title":false,"content":true,"excerpt":false}}},"_links":{"self":[{"href":"https:\/\/www.swiss-o-days.ch\/it\/wp-json\/wp\/v2\/pages\/43","targetHints":{"allow":["GET"]}}],"collection":[{"href":"https:\/\/www.swiss-o-days.ch\/it\/wp-json\/wp\/v2\/pages"}],"about":[{"href":"https:\/\/www.swiss-o-days.ch\/it\/wp-json\/wp\/v2\/types\/page"}],"author":[{"embeddable":true,"href":"https:\/\/www.swiss-o-days.ch\/it\/wp-json\/wp\/v2\/users\/1"}],"replies":[{"embeddable":true,"href":"https:\/\/www.swiss-o-days.ch\/it\/wp-json\/wp\/v2\/comments?post=43"}],"version-history":[{"count":21,"href":"https:\/\/www.swiss-o-days.ch\/it\/wp-json\/wp\/v2\/pages\/43\/revisions"}],"predecessor-version":[{"id":747,"href":"https:\/\/www.swiss-o-days.ch\/it\/wp-json\/wp\/v2\/pages\/43\/revisions\/747"}],"wp:attachment":[{"href":"https:\/\/www.swiss-o-days.ch\/it\/wp-json\/wp\/v2\/media?parent=43"}],"curies":[{"name":"wp","href":"https:\/\/api.w.org\/{rel}","templated":true}]}}