{"id":8,"date":"2017-05-04T18:37:14","date_gmt":"2017-05-04T16:37:14","guid":{"rendered":"http:\/\/www.swiss-o-days.ch\/?page_id=8"},"modified":"2019-05-12T15:55:37","modified_gmt":"2019-05-12T13:55:37","slug":"ueber-uns","status":"publish","type":"page","link":"https:\/\/www.swiss-o-days.ch\/it\/ueber-uns\/","title":{"rendered":"Chi siamo"},"content":{"rendered":"\n<p><strong>Swiss O Week \u2013 la manifestazione svizzera di CO su pi\u00f9 giorni<\/strong><\/p>\n<p>La societ\u00e0 madre Swiss O Week si prefigge di organizzare regolarmente una gara su pi\u00f9 giorni in montagna, la Swiss O Week. Per ogni edizione della Swiss O Week viene creata una nuova societ\u00e0 con il suo comitato organizzativo.<\/p>\n<p>Alcuni collaboratori, capi settore o anche membri del comitato rinunciano all\u2019indennizzo loro offerto a fine manifestazione, lasciandolo a disposizione della societ\u00e0 madre. In questo modo possono essere finanziati futuri progetti inerenti la SOW.<\/p>\n<p><strong>SOW sostiene piccole CO nelle alpi<\/strong><\/p>\n<p>La societ\u00e0 Swiss O Week ha deciso di utilizzare queste indennit\u00e0 menzionate sopra anche per sostenere piccole gare nelle regioni alpine e cos\u00ec \u00e8 nato il progetto Swiss O Days. Con questo aiuto la CO viene resa possibile anche in zone belle ed interessanti, dove per diverse ragioni non possono essere disputate delle normali gare regionali o nazionali. La societ\u00e0 Swiss O Week realizza per i club locali le cartine delle zone e si prende a carico il deficit risultante dall\u2019organizzazione degli Swiss O Days, riconoscendo pure indennizzi per i club locali e i quadri giovanili regionali che si ingaggiano nell\u2019organizzazione.<\/p>\n<p>Ognuno \u00e8 libero di proporre idee e nuove zone di gara per i prossimi Swiss O Days (mail a <a href=\"mailto:info@swiss-o-days.ch\">info@swiss-o-days.ch<\/a>)<\/p>\n<p><strong>\u00a0<\/strong>Protezione dei dati: non vengono raccolti e memorizzati dati personali<\/p>\n","protected":false},"excerpt":{"rendered":"<p>Swiss O Week \u2013 la manifestazione svizzera di CO su pi\u00f9 giorni La societ\u00e0 madre Swiss O Week si prefigge di organizzare regolarmente una gara su pi\u00f9 giorni in montagna, la Swiss O Week. Per ogni edizione della Swiss O<\/p>\n","protected":false},"author":1,"featured_media":0,"parent":0,"menu_order":0,"comment_status":"closed","ping_status":"closed","template":"","meta":{"footnotes":""},"class_list":["post-8","page","type-page","status-publish","hentry"],"translation":{"provider":"WPGlobus","version":"3.0.0","language":"it","enabled_languages":["de","en","fr","it"],"languages":{"de":{"title":true,"content":true,"excerpt":false},"en":{"title":true,"content":true,"excerpt":false},"fr":{"title":true,"content":true,"excerpt":false},"it":{"title":true,"content":true,"excerpt":false}}},"_links":{"self":[{"href":"https:\/\/www.swiss-o-days.ch\/it\/wp-json\/wp\/v2\/pages\/8","targetHints":{"allow":["GET"]}}],"collection":[{"href":"https:\/\/www.swiss-o-days.ch\/it\/wp-json\/wp\/v2\/pages"}],"about":[{"href":"https:\/\/www.swiss-o-days.ch\/it\/wp-json\/wp\/v2\/types\/page"}],"author":[{"embeddable":true,"href":"https:\/\/www.swiss-o-days.ch\/it\/wp-json\/wp\/v2\/users\/1"}],"replies":[{"embeddable":true,"href":"https:\/\/www.swiss-o-days.ch\/it\/wp-json\/wp\/v2\/comments?post=8"}],"version-history":[{"count":10,"href":"https:\/\/www.swiss-o-days.ch\/it\/wp-json\/wp\/v2\/pages\/8\/revisions"}],"predecessor-version":[{"id":742,"href":"https:\/\/www.swiss-o-days.ch\/it\/wp-json\/wp\/v2\/pages\/8\/revisions\/742"}],"wp:attachment":[{"href":"https:\/\/www.swiss-o-days.ch\/it\/wp-json\/wp\/v2\/media?parent=8"}],"curies":[{"name":"wp","href":"https:\/\/api.w.org\/{rel}","templated":true}]}}